{"id":17483,"date":"2022-06-22T12:01:36","date_gmt":"2022-06-22T10:01:36","guid":{"rendered":"https:\/\/www.riccardomutimusic.com\/lezioni-concerto\/"},"modified":"2024-02-06T15:04:39","modified_gmt":"2024-02-06T14:04:39","slug":"lezioni-concerto-2","status":"publish","type":"page","link":"https:\/\/www.riccardomutimusic.com\/en\/lezioni-concerto-2\/","title":{"rendered":"Lezioni concerto"},"content":{"rendered":"<h3 style=\"text-align: center;\"><span style=\"color: #000000;\"><strong>THE CONCERT-LESSONS<br \/>of Riccardo Muti<br \/><\/strong><\/span><\/h3>\n<p style=\"text-align: center;\"><span style=\"color: #000000;\">At the piano or on the podium in front of the orchestra, Muti talks to the audience with clear, simple and direct words so that everybody can feel involved and enraptured by the beauty of classical music.<\/span><\/p>\n<p style=\"text-align: left;\"><span style=\"font-size: 150%;\"><span style=\"color: #000000;\"><b>Piano Opera Lessons<\/b><\/span><\/span><\/p>\n<div class=\"row\"  id=\"row-1421726925\">\n\n\t<div id=\"col-1341355940\" class=\"col medium-6 small-12 large-6\"  >\n\t\t\t\t<div class=\"col-inner text-center\"  >\n\t\t\t\n\t\t\t\n<h6>Giuseppe Verdi <br \/>Macbeth<\/h6>\n<div class=\"video video-fit mb\" style=\"padding-top:38%;\"><p><iframe loading=\"lazy\" src=\"https:\/\/player.vimeo.com\/video\/766466473?dnt=1&amp;app_id=122963\" width=\"1020\" height=\"574\" frameborder=\"0\" allow=\"autoplay; fullscreen; picture-in-picture\"><\/iframe><\/p>\n<\/div>\n<div class=\"is-divider divider clearfix\" style=\"height:30px;\"><\/div>\n<a rel=\"noopener noreferrer\" href=\"https:\/\/www.riccardomutimusic.com\/en\/prodotto\/muti-macbeth-presentazione-al-piano\/\" target=\"_blank\" class=\"button primary\"  >\n    <span>GO TO video<\/span>\n  <\/a>\n\n\t\t<\/div>\n\t\t\t\t\t<\/div>\n\n\t\n\n\t<div id=\"col-1172236824\" class=\"col medium-6 small-12 large-6\"  >\n\t\t\t\t<div class=\"col-inner text-center\"  >\n\t\t\t\n\t\t\t\n<h6>Giuseppe Verdi <br \/>La Traviata<\/h6>\n<div class=\"video video-fit mb\" style=\"padding-top:38%;\"><p><iframe loading=\"lazy\" title=\"Riccardo Muti at the piano - &quot;La Traviata&quot; (Riccardo Muti Italian Opera Academy 2016)\" src=\"https:\/\/player.vimeo.com\/video\/213074450?dnt=1&amp;app_id=122963\" width=\"1020\" height=\"574\" frameborder=\"0\" allow=\"autoplay; fullscreen; picture-in-picture\"><\/iframe><\/p>\n<\/div>\n<div class=\"is-divider divider clearfix\" style=\"height:30px;\"><\/div>\n<a rel=\"noopener noreferrer\" href=\"https:\/\/www.riccardomutimusic.com\/en\/prodotto\/riccardo-muti-prova-traviata-presentazione-al-piano\/\" target=\"_blank\" class=\"button primary\"  >\n    <span>GO TO video<\/span>\n  <\/a>\n\n\t\t<\/div>\n\t\t\t\t\t<\/div>\n\n\t\n\n\t<div id=\"col-1529481752\" class=\"col medium-6 small-12 large-6\"  >\n\t\t\t\t<div class=\"col-inner text-center\"  >\n\t\t\t\n\t\t\t\n<h6>Giuseppe Verdi <\/br> Simon Boccanegra<\/h6>\n<div class=\"video video-fit mb\" style=\"padding-top:38%;\"><p><iframe loading=\"lazy\" src=\"https:\/\/player.vimeo.com\/video\/406260258?h=1d98eb51c9&amp;dnt=1&amp;app_id=122963\" width=\"1020\" height=\"574\" frameborder=\"0\" allow=\"autoplay; fullscreen; picture-in-picture\" allowfullscreen><\/iframe><\/p>\n<\/div>\n<div class=\"is-divider divider clearfix\" style=\"height:30px;\"><\/div>\n<a rel=\"noopener noreferrer\" href=\"https:\/\/www.riccardomutimusic.com\/en\/prodotto\/simon-boccanegra-streaming\/\" target=\"_blank\" class=\"button primary\"  >\n    <span>GO TO video<\/span>\n  <\/a>\n\n\t\t<\/div>\n\t\t\t\t\t<\/div>\n\n\t\n\n\t<div id=\"col-1493209206\" class=\"col medium-6 small-12 large-6\"  >\n\t\t\t\t<div class=\"col-inner text-center\"  >\n\t\t\t\n\t\t\t\n<h6>Giuseppe Verdi <\/br> Attila<\/h6>\n<div class=\"video video-fit mb\" style=\"padding-top:38%;\"><p><iframe loading=\"lazy\" src=\"https:\/\/player.vimeo.com\/video\/406260390?h=487713aab1&amp;dnt=1&amp;app_id=122963\" width=\"1020\" height=\"574\" frameborder=\"0\" allow=\"autoplay; fullscreen; picture-in-picture\" allowfullscreen><\/iframe><\/p>\n<\/div>\n<div class=\"is-divider divider clearfix\" style=\"height:30px;\"><\/div>\n<a rel=\"noopener noreferrer\" href=\"https:\/\/www.riccardomutimusic.com\/en\/prodotto\/attila-streaming\/\" target=\"_blank\" class=\"button primary\"  >\n    <span>go to video<\/span>\n  <\/a>\n\n\t\t<\/div>\n\t\t\t\t\t<\/div>\n\n\t\n\n\t<div id=\"col-1063397756\" class=\"col medium-6 small-12 large-6\"  >\n\t\t\t\t<div class=\"col-inner text-center\"  >\n\t\t\t\n\t\t\t\n<h6>Giuseppe Verdi <\/br> Ernani<\/h6>\n<div class=\"video video-fit mb\" style=\"padding-top:38%;\"><p><iframe loading=\"lazy\" src=\"https:\/\/player.vimeo.com\/video\/408029756?h=295f5e752d&amp;dnt=1&amp;app_id=122963\" width=\"1020\" height=\"574\" frameborder=\"0\" allow=\"autoplay; fullscreen; picture-in-picture\" allowfullscreen><\/iframe><\/p>\n<\/div>\n<div class=\"is-divider divider clearfix\" style=\"height:30px;\"><\/div>\n<a rel=\"noopener noreferrer\" href=\"https:\/\/www.riccardomutimusic.com\/en\/prodotto\/ernani-streaming\/\" target=\"_blank\" class=\"button primary\"  >\n    <span>go to video<\/span>\n  <\/a>\n\n\t\t<\/div>\n\t\t\t\t\t<\/div>\n\n\t\n\n\t<div id=\"col-1014220887\" class=\"col medium-6 small-12 large-6\"  >\n\t\t\t\t<div class=\"col-inner text-center\"  >\n\t\t\t\n\t\t\t\n<h6>Giuseppe Verdi <\/br> Nabucco<\/h6>\n<div class=\"video video-fit mb\" style=\"padding-top:38%;\"><p><iframe loading=\"lazy\" src=\"https:\/\/player.vimeo.com\/video\/408289501?h=bec4ac64b9&amp;dnt=1&amp;app_id=122963\" width=\"1020\" height=\"574\" frameborder=\"0\" allow=\"autoplay; fullscreen; picture-in-picture\" allowfullscreen><\/iframe><\/p>\n<\/div>\n<div class=\"is-divider divider clearfix\" style=\"height:30px;\"><\/div>\n<a rel=\"noopener noreferrer\" href=\"https:\/\/www.riccardomutimusic.com\/en\/prodotto\/nabucco-streaming\/\" target=\"_blank\" class=\"button primary\"  >\n    <span>go to video<\/span>\n  <\/a>\n\n\t\t<\/div>\n\t\t\t\t\t<\/div>\n\n\t\n\n\t<div id=\"col-1209010992\" class=\"col medium-6 small-12 large-6\"  >\n\t\t\t\t<div class=\"col-inner text-center\"  >\n\t\t\t\n\t\t\t\n<h6>Gaetano Donizetti <\/br> Don Pasquale<\/h6>\n<div class=\"video video-fit mb\" style=\"padding-top:38%;\"><p><iframe loading=\"lazy\" title=\"Muti presents Donizetti at the piano: Don Pasquale\" src=\"https:\/\/player.vimeo.com\/video\/241008220?h=18ad3c0d93&amp;dnt=1&amp;app_id=122963\" width=\"1020\" height=\"574\" frameborder=\"0\" allow=\"autoplay; fullscreen; picture-in-picture\" allowfullscreen><\/iframe><\/p>\n<\/div>\n<div class=\"is-divider divider clearfix\" style=\"height:30px;\"><\/div>\n<a rel=\"noopener noreferrer\" href=\"https:\/\/www.riccardomutimusic.com\/en\/prodotto\/don-pasquale-sala-cantanti-al-pianoforte\/\" target=\"_blank\" class=\"button primary\"  >\n    <span>go to video<\/span>\n  <\/a>\n\n\t\t<\/div>\n\t\t\t\t\t<\/div>\n\n\t\n\n\t<div id=\"col-1966900667\" class=\"col medium-6 small-12 large-6\"  >\n\t\t\t\t<div class=\"col-inner text-center\"  >\n\t\t\t\n\t\t\t\n<h6>Domenico Cimarosa <\/br> Il ritorno di Don Calandrino<\/h6>\n<div class=\"video video-fit mb\" style=\"padding-top:38%;\"><p><iframe loading=\"lazy\" src=\"https:\/\/player.vimeo.com\/video\/241200369?h=11b7f9c94c&amp;dnt=1&amp;app_id=122963\" width=\"1020\" height=\"574\" frameborder=\"0\" allow=\"autoplay; fullscreen; picture-in-picture\" allowfullscreen><\/iframe><\/p>\n<\/div>\n<div class=\"is-divider divider clearfix\" style=\"height:30px;\"><\/div>\n<a rel=\"noopener noreferrer\" href=\"https:\/\/www.riccardomutimusic.com\/en\/prodotto\/prova-calandrino-cimarosa-streaming\/\" target=\"_blank\" class=\"button primary\"  >\n    <span>go to video<\/span>\n  <\/a>\n\n\t\t<\/div>\n\t\t\t\t\t<\/div>\n\n\t\n<\/div>\n<p class=\"product-title product_title entry-title\"><span style=\"color: #000000;\"><strong><span style=\"font-size: 150%;\">Orchestra rehearsals<\/span><\/strong><\/span><\/p>\n<div class=\"row\"  id=\"row-1091669300\">\n\n\t<div id=\"col-1401149187\" class=\"col medium-6 small-12 large-6\"  >\n\t\t\t\t<div class=\"col-inner text-center\"  >\n\t\t\t\n\t\t\t\n<h6>Giuseppe Verdi <br \/>La Traviata The complete Series in 9 Episodes<br \/>\n <\/h6>\n<div class=\"video video-fit mb\" style=\"padding-top:38%;\"><p><iframe loading=\"lazy\" src=\"https:\/\/player.vimeo.com\/video\/868216810?dnt=1&amp;app_id=122963\" width=\"1020\" height=\"574\" frameborder=\"0\" allow=\"autoplay; fullscreen; picture-in-picture\"><\/iframe><\/p>\n<\/div>\n<div class=\"is-divider divider clearfix\" style=\"height:30px;\"><\/div>\n<a rel=\"noopener noreferrer\" href=\"https:\/\/www.riccardomutimusic.com\/en\/prodotto\/riccardo-muti-prova-traviata-la-serie-completa\/\" target=\"_blank\" class=\"button primary\"  >\n    <span>go to video<\/span>\n  <\/a>\n\n\t\t<\/div>\n\t\t\t\t\t<\/div>\n\n\t\n\n\t<div id=\"col-397950332\" class=\"col medium-6 small-12 large-6\"  >\n\t\t\t\t<div class=\"col-inner text-center\"  >\n\t\t\t\n\t\t\t\n<h6>Hector Berlioz <br \/>Symphonie Fantastique<\/h6>\n<div class=\"video video-fit mb\" style=\"padding-top:38%;\"><p><iframe loading=\"lazy\" title=\"Muti rehearses Berlioz: Symphonie Fantastique\" src=\"https:\/\/player.vimeo.com\/video\/215617252?h=79b4fe0887&amp;dnt=1&amp;app_id=122963\" width=\"1020\" height=\"574\" frameborder=\"0\" allow=\"autoplay; fullscreen; picture-in-picture\" allowfullscreen><\/iframe><\/p>\n<\/div>\n<div class=\"is-divider divider clearfix\" style=\"height:30px;\"><\/div>\n<a rel=\"noopener noreferrer\" href=\"https:\/\/www.riccardomutimusic.com\/en\/prodotto\/hector-berlioz-symphonie-fantastique-orchestra-rehearsal-sub-en-fr-de\/\" target=\"_blank\" class=\"button primary\"  >\n    <span>go to video<\/span>\n  <\/a>\n\n\t\t<\/div>\n\t\t\t\t\t<\/div>\n\n\t\n\n\t<div id=\"col-2095252295\" class=\"col medium-6 small-12 large-6\"  >\n\t\t\t\t<div class=\"col-inner text-center\"  >\n\t\t\t\n\t\t\t\n<h6 class=\"product-title product_title entry-title\">Hector Berlioz <\/br> L\u00e9lio, ou Le retour \u00e0 la vie <\/h6>\n<div class=\"video video-fit mb\" style=\"padding-top:38%;\"><p><iframe loading=\"lazy\" title=\"Muti rehearses Berlioz: L&amp;eacute;lio ou Le retour &amp;agrave; la vie\" src=\"https:\/\/player.vimeo.com\/video\/215617597?h=468c93e6b3&amp;dnt=1&amp;app_id=122963\" width=\"1020\" height=\"574\" frameborder=\"0\" allow=\"autoplay; fullscreen; picture-in-picture\" allowfullscreen><\/iframe><\/p>\n<\/div>\n<div class=\"is-divider divider clearfix\" style=\"height:30px;\"><\/div>\n<a rel=\"noopener noreferrer\" href=\"https:\/\/www.riccardomutimusic.com\/en\/prodotto\/prova-berlioz-lelio-streaming-2\/\" target=\"_blank\" class=\"button primary\"  >\n    <span>go to video<\/span>\n  <\/a>\n\n\t\t<\/div>\n\t\t\t\t\t<\/div>\n\n\t\n\n\t<div id=\"col-912873424\" class=\"col medium-6 small-12 large-6\"  >\n\t\t\t\t<div class=\"col-inner text-center\"  >\n\t\t\t\n\t\t\t\n<h6>Giuseppe Verdi <\/br> Le quattro stagioni from I Vespri Siciliani <\/h6>\n<div class=\"video video-fit mb\" style=\"padding-top:38%;\"><p><iframe loading=\"lazy\" title=\"Muti rehearses Verdi: Le quattro stagioni from I vespri siciliani\" src=\"https:\/\/player.vimeo.com\/video\/215617767?h=539b84ce50&amp;dnt=1&amp;app_id=122963\" width=\"1020\" height=\"574\" frameborder=\"0\" allow=\"autoplay; fullscreen; picture-in-picture\" allowfullscreen><\/iframe><\/p>\n<\/div>\n<div class=\"is-divider divider clearfix\" style=\"height:30px;\"><\/div>\n<a rel=\"noopener noreferrer\" href=\"https:\/\/www.riccardomutimusic.com\/en\/prodotto\/prova-verdi-ballabili\/\" target=\"_blank\" class=\"button primary\"  >\n    <span>go to video<\/span>\n  <\/a>\n\n\t\t<\/div>\n\t\t\t\t\t<\/div>\n\n\t\n\n\t<div id=\"col-305098664\" class=\"col medium-6 small-12 large-6\"  >\n\t\t\t\t<div class=\"col-inner text-center\"  >\n\t\t\t\n\t\t\t\n<h6>Schubert <\/br> Unfinished Symphony <\/h6>\n<div class=\"video video-fit mb\" style=\"padding-top:38%;\"><p><iframe loading=\"lazy\" title=\"Muti rehearses Schubert: Unfinished Symphony\" src=\"https:\/\/player.vimeo.com\/video\/215618061?h=45752ed5f4&amp;dnt=1&amp;app_id=122963\" width=\"1020\" height=\"574\" frameborder=\"0\" allow=\"autoplay; fullscreen; picture-in-picture\" allowfullscreen><\/iframe><\/p>\n<\/div>\n<div class=\"is-divider divider clearfix\" style=\"height:30px;\"><\/div>\n<a rel=\"noopener noreferrer\" href=\"https:\/\/www.riccardomutimusic.com\/en\/prodotto\/prova-incompiuta-schubert-streaming\/\" target=\"_blank\" class=\"button primary\"  >\n    <span>go to video<\/span>\n  <\/a>\n\n\t\t<\/div>\n\t\t\t\t\t<\/div>\n\n\t\n\n\t<div id=\"col-25978542\" class=\"col medium-6 small-12 large-6\"  >\n\t\t\t\t<div class=\"col-inner text-center\"  >\n\t\t\t\n\t\t\t\n<h6>Mozart <\/br> Jupiter Symphony <\/h6>\n<div class=\"video video-fit mb\" style=\"padding-top:38%;\"><p><iframe loading=\"lazy\" title=\"Muti rehearses Mozart: Jupiter Symphony\" src=\"https:\/\/player.vimeo.com\/video\/245393148?h=1f87e2c238&amp;dnt=1&amp;app_id=122963\" width=\"1020\" height=\"574\" frameborder=\"0\" allow=\"autoplay; fullscreen; picture-in-picture\" allowfullscreen><\/iframe><\/p>\n<\/div>\n<div class=\"is-divider divider clearfix\" style=\"height:30px;\"><\/div>\n<a rel=\"noopener noreferrer\" href=\"https:\/\/www.riccardomutimusic.com\/en\/prodotto\/prova-jupiter-mozart-streaming\/\" target=\"_blank\" class=\"button primary\"  >\n    <span>go to video<\/span>\n  <\/a>\n\n\t\t<\/div>\n\t\t\t\t\t<\/div>\n\n\t\n\n\t<div id=\"col-827521561\" class=\"col medium-6 small-12 large-6\"  >\n\t\t\t\t<div class=\"col-inner text-center\"  >\n\t\t\t\n\t\t\t\n<h6>Giovanni Paisiello <\/br> Il matrimonio inaspettato<\/h6>\n<div class=\"video video-fit mb\" style=\"padding-top:38%;\"><p><iframe loading=\"lazy\" title=\"Muti rehearses Paisiello: Il matrimonio inaspettato\" src=\"https:\/\/player.vimeo.com\/video\/215618699?h=e1fa2e65ce&amp;dnt=1&amp;app_id=122963\" width=\"1020\" height=\"574\" frameborder=\"0\" allow=\"autoplay; fullscreen; picture-in-picture\" allowfullscreen><\/iframe><\/p>\n<\/div>\n<div class=\"is-divider divider clearfix\" style=\"height:30px;\"><\/div>\n<a rel=\"noopener noreferrer\" href=\"https:\/\/www.riccardomutimusic.com\/en\/prodotto\/prova-matrimonio-paisiello-streaming\/\" target=\"_blank\" class=\"button primary\"  >\n    <span>go to video<\/span>\n  <\/a>\n\n\t\t<\/div>\n\t\t\t\t\t<\/div>\n\n\t\n\n\t<div id=\"col-190201066\" class=\"col medium-6 small-12 large-6\"  >\n\t\t\t\t<div class=\"col-inner text-center\"  >\n\t\t\t\n\t\t\t\n<h6>Anton\u00edn Dvo\u0159\u00e1k <\/br> Fifth Symphony <\/h6>\n<div class=\"video video-fit mb\" style=\"padding-top:38%;\"><p><iframe loading=\"lazy\" title=\"Muti rehearses Dvo\u0159&amp;aacute;k: Symphony No. 5\" src=\"https:\/\/player.vimeo.com\/video\/215619240?h=50e302a367&amp;dnt=1&amp;app_id=122963\" width=\"1020\" height=\"574\" frameborder=\"0\" allow=\"autoplay; fullscreen; picture-in-picture\" allowfullscreen><\/iframe><\/p>\n<\/div>\n<div class=\"is-divider divider clearfix\" style=\"height:30px;\"><\/div>\n<a rel=\"noopener noreferrer\" href=\"https:\/\/www.riccardomutimusic.com\/en\/prodotto\/prova-quinta-dvorak-streaming\/\" target=\"_blank\" class=\"button primary\"  >\n    <span>go to video<\/span>\n  <\/a>\n\n\t\t<\/div>\n\t\t\t\t\t<\/div>\n\n\t\n<\/div>\n","protected":false},"excerpt":{"rendered":"<p>THE CONCERT-LESSONSof Riccardo Muti At the piano or on the podium in front of the orchestra, Muti talks to the audience with clear, simple and direct words so that everybody can feel involved and enraptured by the beauty of classical music. Piano Opera Lessons Orchestra rehearsals<\/p>\n","protected":false},"author":708,"featured_media":0,"parent":0,"menu_order":0,"comment_status":"closed","ping_status":"closed","template":"","meta":{"_acf_changed":false,"footnotes":""},"class_list":["post-17483","page","type-page","status-publish","hentry"],"acf":[],"yoast_head":"<!-- This site is optimized with the Yoast SEO plugin v26.9 - https:\/\/yoast.com\/product\/yoast-seo-wordpress\/ -->\n<title>Lezioni concerto - Riccardo Muti Music<\/title>\n<meta name=\"robots\" content=\"index, follow, max-snippet:-1, max-image-preview:large, max-video-preview:-1\" \/>\n<link rel=\"canonical\" href=\"https:\/\/www.riccardomutimusic.com\/en\/lezioni-concerto-2\/\" \/>\n<meta property=\"og:locale\" content=\"en_US\" \/>\n<meta property=\"og:type\" content=\"article\" \/>\n<meta property=\"og:title\" content=\"Lezioni concerto - Riccardo Muti Music\" \/>\n<meta property=\"og:description\" content=\"THE CONCERT-LESSONSof Riccardo Muti At the piano or on the podium in front of the orchestra, Muti talks to the audience with clear, simple and direct words so that everybody can feel involved and enraptured by the beauty of classical music. Piano Opera Lessons Orchestra rehearsals\" \/>\n<meta property=\"og:url\" content=\"https:\/\/www.riccardomutimusic.com\/en\/lezioni-concerto-2\/\" \/>\n<meta property=\"og:site_name\" content=\"Riccardo Muti Music\" \/>\n<meta property=\"article:publisher\" content=\"https:\/\/www.facebook.com\/RiccardoMutiOfficial\/\" \/>\n<meta property=\"article:modified_time\" content=\"2024-02-06T14:04:39+00:00\" \/>\n<meta name=\"twitter:card\" content=\"summary_large_image\" \/>\n<meta name=\"twitter:label1\" content=\"Est. reading time\" \/>\n\t<meta name=\"twitter:data1\" content=\"3 minutes\" \/>\n<script type=\"application\/ld+json\" class=\"yoast-schema-graph\">{\"@context\":\"https:\/\/schema.org\",\"@graph\":[{\"@type\":\"WebPage\",\"@id\":\"https:\/\/www.riccardomutimusic.com\/en\/lezioni-concerto-2\/\",\"url\":\"https:\/\/www.riccardomutimusic.com\/en\/lezioni-concerto-2\/\",\"name\":\"Lezioni concerto - Riccardo Muti Music\",\"isPartOf\":{\"@id\":\"https:\/\/www.riccardomutimusic.com\/#website\"},\"datePublished\":\"2022-06-22T10:01:36+00:00\",\"dateModified\":\"2024-02-06T14:04:39+00:00\",\"breadcrumb\":{\"@id\":\"https:\/\/www.riccardomutimusic.com\/en\/lezioni-concerto-2\/#breadcrumb\"},\"inLanguage\":\"en-US\",\"potentialAction\":[{\"@type\":\"ReadAction\",\"target\":[\"https:\/\/www.riccardomutimusic.com\/en\/lezioni-concerto-2\/\"]}]},{\"@type\":\"BreadcrumbList\",\"@id\":\"https:\/\/www.riccardomutimusic.com\/en\/lezioni-concerto-2\/#breadcrumb\",\"itemListElement\":[{\"@type\":\"ListItem\",\"position\":1,\"name\":\"Home\",\"item\":\"https:\/\/www.riccardomutimusic.com\/en\/\"},{\"@type\":\"ListItem\",\"position\":2,\"name\":\"Lezioni concerto\"}]},{\"@type\":\"WebSite\",\"@id\":\"https:\/\/www.riccardomutimusic.com\/#website\",\"url\":\"https:\/\/www.riccardomutimusic.com\/\",\"name\":\"Riccardo Muti Music\",\"description\":\"RMMUSIC STORE\",\"publisher\":{\"@id\":\"https:\/\/www.riccardomutimusic.com\/#organization\"},\"potentialAction\":[{\"@type\":\"SearchAction\",\"target\":{\"@type\":\"EntryPoint\",\"urlTemplate\":\"https:\/\/www.riccardomutimusic.com\/?s={search_term_string}\"},\"query-input\":{\"@type\":\"PropertyValueSpecification\",\"valueRequired\":true,\"valueName\":\"search_term_string\"}}],\"inLanguage\":\"en-US\"},{\"@type\":\"Organization\",\"@id\":\"https:\/\/www.riccardomutimusic.com\/#organization\",\"name\":\"RM Music Srl\",\"url\":\"https:\/\/www.riccardomutimusic.com\/\",\"logo\":{\"@type\":\"ImageObject\",\"inLanguage\":\"en-US\",\"@id\":\"https:\/\/www.riccardomutimusic.com\/#\/schema\/logo\/image\/\",\"url\":\"https:\/\/www.riccardomutimusic.com\/wp-content\/uploads\/logo_rmm_riccardomuti_store.png\",\"contentUrl\":\"https:\/\/www.riccardomutimusic.com\/wp-content\/uploads\/logo_rmm_riccardomuti_store.png\",\"width\":121,\"height\":65,\"caption\":\"RM Music Srl\"},\"image\":{\"@id\":\"https:\/\/www.riccardomutimusic.com\/#\/schema\/logo\/image\/\"},\"sameAs\":[\"https:\/\/www.facebook.com\/RiccardoMutiOfficial\/\",\"https:\/\/www.youtube.com\/user\/riccardomutichannel\"]}]}<\/script>\n<!-- \/ Yoast SEO plugin. -->","yoast_head_json":{"title":"Lezioni concerto - Riccardo Muti Music","robots":{"index":"index","follow":"follow","max-snippet":"max-snippet:-1","max-image-preview":"max-image-preview:large","max-video-preview":"max-video-preview:-1"},"canonical":"https:\/\/www.riccardomutimusic.com\/en\/lezioni-concerto-2\/","og_locale":"en_US","og_type":"article","og_title":"Lezioni concerto - Riccardo Muti Music","og_description":"THE CONCERT-LESSONSof Riccardo Muti At the piano or on the podium in front of the orchestra, Muti talks to the audience with clear, simple and direct words so that everybody can feel involved and enraptured by the beauty of classical music. Piano Opera Lessons Orchestra rehearsals","og_url":"https:\/\/www.riccardomutimusic.com\/en\/lezioni-concerto-2\/","og_site_name":"Riccardo Muti Music","article_publisher":"https:\/\/www.facebook.com\/RiccardoMutiOfficial\/","article_modified_time":"2024-02-06T14:04:39+00:00","twitter_card":"summary_large_image","twitter_misc":{"Est. reading time":"3 minutes"},"schema":{"@context":"https:\/\/schema.org","@graph":[{"@type":"WebPage","@id":"https:\/\/www.riccardomutimusic.com\/en\/lezioni-concerto-2\/","url":"https:\/\/www.riccardomutimusic.com\/en\/lezioni-concerto-2\/","name":"Lezioni concerto - Riccardo Muti Music","isPartOf":{"@id":"https:\/\/www.riccardomutimusic.com\/#website"},"datePublished":"2022-06-22T10:01:36+00:00","dateModified":"2024-02-06T14:04:39+00:00","breadcrumb":{"@id":"https:\/\/www.riccardomutimusic.com\/en\/lezioni-concerto-2\/#breadcrumb"},"inLanguage":"en-US","potentialAction":[{"@type":"ReadAction","target":["https:\/\/www.riccardomutimusic.com\/en\/lezioni-concerto-2\/"]}]},{"@type":"BreadcrumbList","@id":"https:\/\/www.riccardomutimusic.com\/en\/lezioni-concerto-2\/#breadcrumb","itemListElement":[{"@type":"ListItem","position":1,"name":"Home","item":"https:\/\/www.riccardomutimusic.com\/en\/"},{"@type":"ListItem","position":2,"name":"Lezioni concerto"}]},{"@type":"WebSite","@id":"https:\/\/www.riccardomutimusic.com\/#website","url":"https:\/\/www.riccardomutimusic.com\/","name":"Riccardo Muti Music","description":"RMMUSIC STORE","publisher":{"@id":"https:\/\/www.riccardomutimusic.com\/#organization"},"potentialAction":[{"@type":"SearchAction","target":{"@type":"EntryPoint","urlTemplate":"https:\/\/www.riccardomutimusic.com\/?s={search_term_string}"},"query-input":{"@type":"PropertyValueSpecification","valueRequired":true,"valueName":"search_term_string"}}],"inLanguage":"en-US"},{"@type":"Organization","@id":"https:\/\/www.riccardomutimusic.com\/#organization","name":"RM Music Srl","url":"https:\/\/www.riccardomutimusic.com\/","logo":{"@type":"ImageObject","inLanguage":"en-US","@id":"https:\/\/www.riccardomutimusic.com\/#\/schema\/logo\/image\/","url":"https:\/\/www.riccardomutimusic.com\/wp-content\/uploads\/logo_rmm_riccardomuti_store.png","contentUrl":"https:\/\/www.riccardomutimusic.com\/wp-content\/uploads\/logo_rmm_riccardomuti_store.png","width":121,"height":65,"caption":"RM Music Srl"},"image":{"@id":"https:\/\/www.riccardomutimusic.com\/#\/schema\/logo\/image\/"},"sameAs":["https:\/\/www.facebook.com\/RiccardoMutiOfficial\/","https:\/\/www.youtube.com\/user\/riccardomutichannel"]}]}},"_links":{"self":[{"href":"https:\/\/www.riccardomutimusic.com\/en\/wp-json\/wp\/v2\/pages\/17483","targetHints":{"allow":["GET"]}}],"collection":[{"href":"https:\/\/www.riccardomutimusic.com\/en\/wp-json\/wp\/v2\/pages"}],"about":[{"href":"https:\/\/www.riccardomutimusic.com\/en\/wp-json\/wp\/v2\/types\/page"}],"author":[{"embeddable":true,"href":"https:\/\/www.riccardomutimusic.com\/en\/wp-json\/wp\/v2\/users\/708"}],"replies":[{"embeddable":true,"href":"https:\/\/www.riccardomutimusic.com\/en\/wp-json\/wp\/v2\/comments?post=17483"}],"version-history":[{"count":4,"href":"https:\/\/www.riccardomutimusic.com\/en\/wp-json\/wp\/v2\/pages\/17483\/revisions"}],"predecessor-version":[{"id":19192,"href":"https:\/\/www.riccardomutimusic.com\/en\/wp-json\/wp\/v2\/pages\/17483\/revisions\/19192"}],"wp:attachment":[{"href":"https:\/\/www.riccardomutimusic.com\/en\/wp-json\/wp\/v2\/media?parent=17483"}],"curies":[{"name":"wp","href":"https:\/\/api.w.org\/{rel}","templated":true}]}}