{"id":14166,"date":"2020-04-21T15:38:04","date_gmt":"2020-04-21T14:45:26","guid":{"rendered":"https:\/\/www.riccardomutimusic.com\/prodotto\/prova-berlioz-lelio-streaming-2\/"},"modified":"2024-06-21T18:18:53","modified_gmt":"2024-06-21T16:18:53","slug":"prova-berlioz-lelio-streaming-2","status":"publish","type":"product","link":"https:\/\/www.riccardomutimusic.com\/en\/prodotto\/prova-berlioz-lelio-streaming-2\/","title":{"rendered":"Hector Berlioz &#8211; L\u00e9lio, ou Le retour \u00e0 la vie &#8211; Orchestra rehearsal (sub: EN-FR-DE)"},"content":{"rendered":"<p><span style=\"color: #000000;\"><strong><em>L\u00c9LIO, OU LE RETOUR <\/em><\/strong><\/span><em><span style=\"color: #000000;\"><strong>\u00c0 LA VIE<\/strong><\/span><\/em><\/p>\n<p><span style=\"color: #000000;\"><strong>Running time<\/strong>: 1 hour and 25 minutes<br \/>\n<\/span><span style=\"color: #000000;\"><strong>Language<\/strong>: Italian<br \/>\n<\/span><span style=\"color: #000000;\"><strong>Subtitles<\/strong>: English, French, German<\/span><\/p>\n<p><span style=\"color: #000000;\">A sort of sequel of the\u00a0<em>Symphonie Fantastique<\/em>. The French actor G\u00e9rard Depardieu interprets the opera making the text (written by Berlioz himself) live in a constant dialogue with the orchestra.<\/span><\/p>\n<p><span style=\"color: #000000;\"><strong>Riccardo Muti<\/strong>\u00a0Conductor<\/span><br \/>\n<span style=\"color: #000000;\"><strong>G\u00e9rard Depardieu<\/strong>\u00a0Narrator<\/span><br \/>\n<span style=\"color: #000000;\"><strong>Orchestra Giovanile Luigi Cherubini<\/strong><\/span><br \/>\n<span style=\"color: #000000;\"><strong>Orchestra Giovanile Italiana<\/strong><\/span><\/p>\n<p><span style=\"color: #000000;\">\u00a9 RMMUSIC Srl<\/span><\/p>\n","protected":false},"excerpt":{"rendered":"<p>L\u00c9LIO, OU LE RETOUR \u00c0 LA VIE Running time: 1 hour and 25 minutes Language: Italian Subtitles: English, French, German A sort of sequel of the\u00a0Symphonie Fantastique. The French actor G\u00e9rard Depardieu interprets the opera making the text (written by Berlioz himself) live in a constant dialogue with the orchestra. Riccardo Muti\u00a0Conductor G\u00e9rard Depardieu\u00a0Narrator Orchestra [&#8230;]\n","protected":false},"featured_media":14409,"template":"","meta":{"_acf_changed":false},"product_brand":[],"product_cat":[129,126],"product_tag":[],"class_list":{"0":"post-14166","1":"product","2":"type-product","3":"status-publish","4":"has-post-thumbnail","6":"product_cat-rehearsals","7":"product_cat-streaming-en","9":"first","10":"instock","11":"virtual","12":"sold-individually","13":"taxable","14":"purchasable","15":"product-type-simple"},"acf":[],"yoast_head":"<!-- This site is optimized with the Yoast SEO plugin v26.9 - https:\/\/yoast.com\/product\/yoast-seo-wordpress\/ -->\n<title>Hector Berlioz - L\u00e9lio, ou Le retour \u00e0 la vie - Orchestra rehearsal (sub: EN-FR-DE) - Riccardo Muti Music<\/title>\n<meta name=\"robots\" content=\"index, follow, max-snippet:-1, max-image-preview:large, max-video-preview:-1\" \/>\n<link rel=\"canonical\" href=\"https:\/\/www.riccardomutimusic.com\/en\/prodotto\/prova-berlioz-lelio-streaming-2\/\" \/>\n<meta property=\"og:locale\" content=\"en_US\" \/>\n<meta property=\"og:type\" content=\"article\" \/>\n<meta property=\"og:title\" content=\"Hector Berlioz - L\u00e9lio, ou Le retour \u00e0 la vie - Orchestra rehearsal (sub: EN-FR-DE) - Riccardo Muti Music\" \/>\n<meta property=\"og:description\" content=\"L\u00c9LIO, OU LE RETOUR \u00c0 LA VIE Running time: 1 hour and 25 minutes Language: Italian Subtitles: English, French, German A sort of sequel of the\u00a0Symphonie Fantastique. The French actor G\u00e9rard Depardieu interprets the opera making the text (written by Berlioz himself) live in a constant dialogue with the orchestra. Riccardo Muti\u00a0Conductor G\u00e9rard Depardieu\u00a0Narrator Orchestra [...]\" \/>\n<meta property=\"og:url\" content=\"https:\/\/www.riccardomutimusic.com\/en\/prodotto\/prova-berlioz-lelio-streaming-2\/\" \/>\n<meta property=\"og:site_name\" content=\"Riccardo Muti Music\" \/>\n<meta property=\"article:publisher\" content=\"https:\/\/www.facebook.com\/RiccardoMutiOfficial\/\" \/>\n<meta property=\"article:modified_time\" content=\"2024-06-21T16:18:53+00:00\" \/>\n<meta property=\"og:image\" content=\"https:\/\/www.riccardomutimusic.com\/wp-content\/uploads\/Lelio.jpg\" \/>\n\t<meta property=\"og:image:width\" content=\"656\" \/>\n\t<meta property=\"og:image:height\" content=\"418\" \/>\n\t<meta property=\"og:image:type\" content=\"image\/jpeg\" \/>\n<meta name=\"twitter:card\" content=\"summary_large_image\" \/>\n<meta name=\"twitter:label1\" content=\"Est. reading time\" \/>\n\t<meta name=\"twitter:data1\" content=\"1 minute\" \/>\n<script type=\"application\/ld+json\" class=\"yoast-schema-graph\">{\"@context\":\"https:\/\/schema.org\",\"@graph\":[{\"@type\":\"WebPage\",\"@id\":\"https:\/\/www.riccardomutimusic.com\/en\/prodotto\/prova-berlioz-lelio-streaming-2\/\",\"url\":\"https:\/\/www.riccardomutimusic.com\/en\/prodotto\/prova-berlioz-lelio-streaming-2\/\",\"name\":\"Hector Berlioz - L\u00e9lio, ou Le retour \u00e0 la vie - Orchestra rehearsal (sub: EN-FR-DE) - Riccardo Muti Music\",\"isPartOf\":{\"@id\":\"https:\/\/www.riccardomutimusic.com\/#website\"},\"primaryImageOfPage\":{\"@id\":\"https:\/\/www.riccardomutimusic.com\/en\/prodotto\/prova-berlioz-lelio-streaming-2\/#primaryimage\"},\"image\":{\"@id\":\"https:\/\/www.riccardomutimusic.com\/en\/prodotto\/prova-berlioz-lelio-streaming-2\/#primaryimage\"},\"thumbnailUrl\":\"https:\/\/www.riccardomutimusic.com\/wp-content\/uploads\/Lelio.jpg\",\"datePublished\":\"2020-04-21T14:45:26+00:00\",\"dateModified\":\"2024-06-21T16:18:53+00:00\",\"breadcrumb\":{\"@id\":\"https:\/\/www.riccardomutimusic.com\/en\/prodotto\/prova-berlioz-lelio-streaming-2\/#breadcrumb\"},\"inLanguage\":\"en-US\",\"potentialAction\":[{\"@type\":\"ReadAction\",\"target\":[\"https:\/\/www.riccardomutimusic.com\/en\/prodotto\/prova-berlioz-lelio-streaming-2\/\"]}]},{\"@type\":\"ImageObject\",\"inLanguage\":\"en-US\",\"@id\":\"https:\/\/www.riccardomutimusic.com\/en\/prodotto\/prova-berlioz-lelio-streaming-2\/#primaryimage\",\"url\":\"https:\/\/www.riccardomutimusic.com\/wp-content\/uploads\/Lelio.jpg\",\"contentUrl\":\"https:\/\/www.riccardomutimusic.com\/wp-content\/uploads\/Lelio.jpg\",\"width\":656,\"height\":418},{\"@type\":\"BreadcrumbList\",\"@id\":\"https:\/\/www.riccardomutimusic.com\/en\/prodotto\/prova-berlioz-lelio-streaming-2\/#breadcrumb\",\"itemListElement\":[{\"@type\":\"ListItem\",\"position\":1,\"name\":\"Home\",\"item\":\"https:\/\/www.riccardomutimusic.com\/en\/\"},{\"@type\":\"ListItem\",\"position\":2,\"name\":\"Shop\",\"item\":\"https:\/\/www.riccardomutimusic.com\/en\/shop\/\"},{\"@type\":\"ListItem\",\"position\":3,\"name\":\"Hector Berlioz &#8211; L\u00e9lio, ou Le retour \u00e0 la vie &#8211; Orchestra rehearsal (sub: EN-FR-DE)\"}]},{\"@type\":\"WebSite\",\"@id\":\"https:\/\/www.riccardomutimusic.com\/#website\",\"url\":\"https:\/\/www.riccardomutimusic.com\/\",\"name\":\"Riccardo Muti Music\",\"description\":\"RMMUSIC STORE\",\"publisher\":{\"@id\":\"https:\/\/www.riccardomutimusic.com\/#organization\"},\"potentialAction\":[{\"@type\":\"SearchAction\",\"target\":{\"@type\":\"EntryPoint\",\"urlTemplate\":\"https:\/\/www.riccardomutimusic.com\/?s={search_term_string}\"},\"query-input\":{\"@type\":\"PropertyValueSpecification\",\"valueRequired\":true,\"valueName\":\"search_term_string\"}}],\"inLanguage\":\"en-US\"},{\"@type\":\"Organization\",\"@id\":\"https:\/\/www.riccardomutimusic.com\/#organization\",\"name\":\"RM Music Srl\",\"url\":\"https:\/\/www.riccardomutimusic.com\/\",\"logo\":{\"@type\":\"ImageObject\",\"inLanguage\":\"en-US\",\"@id\":\"https:\/\/www.riccardomutimusic.com\/#\/schema\/logo\/image\/\",\"url\":\"https:\/\/www.riccardomutimusic.com\/wp-content\/uploads\/logo_rmm_riccardomuti_store.png\",\"contentUrl\":\"https:\/\/www.riccardomutimusic.com\/wp-content\/uploads\/logo_rmm_riccardomuti_store.png\",\"width\":121,\"height\":65,\"caption\":\"RM Music Srl\"},\"image\":{\"@id\":\"https:\/\/www.riccardomutimusic.com\/#\/schema\/logo\/image\/\"},\"sameAs\":[\"https:\/\/www.facebook.com\/RiccardoMutiOfficial\/\",\"https:\/\/www.youtube.com\/user\/riccardomutichannel\"]}]}<\/script>\n<!-- \/ Yoast SEO plugin. -->","yoast_head_json":{"title":"Hector Berlioz - L\u00e9lio, ou Le retour \u00e0 la vie - Orchestra rehearsal (sub: EN-FR-DE) - Riccardo Muti Music","robots":{"index":"index","follow":"follow","max-snippet":"max-snippet:-1","max-image-preview":"max-image-preview:large","max-video-preview":"max-video-preview:-1"},"canonical":"https:\/\/www.riccardomutimusic.com\/en\/prodotto\/prova-berlioz-lelio-streaming-2\/","og_locale":"en_US","og_type":"article","og_title":"Hector Berlioz - L\u00e9lio, ou Le retour \u00e0 la vie - Orchestra rehearsal (sub: EN-FR-DE) - Riccardo Muti Music","og_description":"L\u00c9LIO, OU LE RETOUR \u00c0 LA VIE Running time: 1 hour and 25 minutes Language: Italian Subtitles: English, French, German A sort of sequel of the\u00a0Symphonie Fantastique. The French actor G\u00e9rard Depardieu interprets the opera making the text (written by Berlioz himself) live in a constant dialogue with the orchestra. Riccardo Muti\u00a0Conductor G\u00e9rard Depardieu\u00a0Narrator Orchestra [...]","og_url":"https:\/\/www.riccardomutimusic.com\/en\/prodotto\/prova-berlioz-lelio-streaming-2\/","og_site_name":"Riccardo Muti Music","article_publisher":"https:\/\/www.facebook.com\/RiccardoMutiOfficial\/","article_modified_time":"2024-06-21T16:18:53+00:00","og_image":[{"width":656,"height":418,"url":"https:\/\/www.riccardomutimusic.com\/wp-content\/uploads\/Lelio.jpg","type":"image\/jpeg"}],"twitter_card":"summary_large_image","twitter_misc":{"Est. reading time":"1 minute"},"schema":{"@context":"https:\/\/schema.org","@graph":[{"@type":"WebPage","@id":"https:\/\/www.riccardomutimusic.com\/en\/prodotto\/prova-berlioz-lelio-streaming-2\/","url":"https:\/\/www.riccardomutimusic.com\/en\/prodotto\/prova-berlioz-lelio-streaming-2\/","name":"Hector Berlioz - L\u00e9lio, ou Le retour \u00e0 la vie - Orchestra rehearsal (sub: EN-FR-DE) - Riccardo Muti Music","isPartOf":{"@id":"https:\/\/www.riccardomutimusic.com\/#website"},"primaryImageOfPage":{"@id":"https:\/\/www.riccardomutimusic.com\/en\/prodotto\/prova-berlioz-lelio-streaming-2\/#primaryimage"},"image":{"@id":"https:\/\/www.riccardomutimusic.com\/en\/prodotto\/prova-berlioz-lelio-streaming-2\/#primaryimage"},"thumbnailUrl":"https:\/\/www.riccardomutimusic.com\/wp-content\/uploads\/Lelio.jpg","datePublished":"2020-04-21T14:45:26+00:00","dateModified":"2024-06-21T16:18:53+00:00","breadcrumb":{"@id":"https:\/\/www.riccardomutimusic.com\/en\/prodotto\/prova-berlioz-lelio-streaming-2\/#breadcrumb"},"inLanguage":"en-US","potentialAction":[{"@type":"ReadAction","target":["https:\/\/www.riccardomutimusic.com\/en\/prodotto\/prova-berlioz-lelio-streaming-2\/"]}]},{"@type":"ImageObject","inLanguage":"en-US","@id":"https:\/\/www.riccardomutimusic.com\/en\/prodotto\/prova-berlioz-lelio-streaming-2\/#primaryimage","url":"https:\/\/www.riccardomutimusic.com\/wp-content\/uploads\/Lelio.jpg","contentUrl":"https:\/\/www.riccardomutimusic.com\/wp-content\/uploads\/Lelio.jpg","width":656,"height":418},{"@type":"BreadcrumbList","@id":"https:\/\/www.riccardomutimusic.com\/en\/prodotto\/prova-berlioz-lelio-streaming-2\/#breadcrumb","itemListElement":[{"@type":"ListItem","position":1,"name":"Home","item":"https:\/\/www.riccardomutimusic.com\/en\/"},{"@type":"ListItem","position":2,"name":"Shop","item":"https:\/\/www.riccardomutimusic.com\/en\/shop\/"},{"@type":"ListItem","position":3,"name":"Hector Berlioz &#8211; L\u00e9lio, ou Le retour \u00e0 la vie &#8211; Orchestra rehearsal (sub: EN-FR-DE)"}]},{"@type":"WebSite","@id":"https:\/\/www.riccardomutimusic.com\/#website","url":"https:\/\/www.riccardomutimusic.com\/","name":"Riccardo Muti Music","description":"RMMUSIC STORE","publisher":{"@id":"https:\/\/www.riccardomutimusic.com\/#organization"},"potentialAction":[{"@type":"SearchAction","target":{"@type":"EntryPoint","urlTemplate":"https:\/\/www.riccardomutimusic.com\/?s={search_term_string}"},"query-input":{"@type":"PropertyValueSpecification","valueRequired":true,"valueName":"search_term_string"}}],"inLanguage":"en-US"},{"@type":"Organization","@id":"https:\/\/www.riccardomutimusic.com\/#organization","name":"RM Music Srl","url":"https:\/\/www.riccardomutimusic.com\/","logo":{"@type":"ImageObject","inLanguage":"en-US","@id":"https:\/\/www.riccardomutimusic.com\/#\/schema\/logo\/image\/","url":"https:\/\/www.riccardomutimusic.com\/wp-content\/uploads\/logo_rmm_riccardomuti_store.png","contentUrl":"https:\/\/www.riccardomutimusic.com\/wp-content\/uploads\/logo_rmm_riccardomuti_store.png","width":121,"height":65,"caption":"RM Music Srl"},"image":{"@id":"https:\/\/www.riccardomutimusic.com\/#\/schema\/logo\/image\/"},"sameAs":["https:\/\/www.facebook.com\/RiccardoMutiOfficial\/","https:\/\/www.youtube.com\/user\/riccardomutichannel"]}]}},"_links":{"self":[{"href":"https:\/\/www.riccardomutimusic.com\/en\/wp-json\/wp\/v2\/product\/14166","targetHints":{"allow":["GET"]}}],"collection":[{"href":"https:\/\/www.riccardomutimusic.com\/en\/wp-json\/wp\/v2\/product"}],"about":[{"href":"https:\/\/www.riccardomutimusic.com\/en\/wp-json\/wp\/v2\/types\/product"}],"wp:featuredmedia":[{"embeddable":true,"href":"https:\/\/www.riccardomutimusic.com\/en\/wp-json\/wp\/v2\/media\/14409"}],"wp:attachment":[{"href":"https:\/\/www.riccardomutimusic.com\/en\/wp-json\/wp\/v2\/media?parent=14166"}],"wp:term":[{"taxonomy":"product_brand","embeddable":true,"href":"https:\/\/www.riccardomutimusic.com\/en\/wp-json\/wp\/v2\/product_brand?post=14166"},{"taxonomy":"product_cat","embeddable":true,"href":"https:\/\/www.riccardomutimusic.com\/en\/wp-json\/wp\/v2\/product_cat?post=14166"},{"taxonomy":"product_tag","embeddable":true,"href":"https:\/\/www.riccardomutimusic.com\/en\/wp-json\/wp\/v2\/product_tag?post=14166"}],"curies":[{"name":"wp","href":"https:\/\/api.w.org\/{rel}","templated":true}]}}