{"id":14172,"date":"2020-04-21T15:38:04","date_gmt":"2020-04-21T14:45:26","guid":{"rendered":"https:\/\/www.riccardomutimusic.com\/prodotto\/prova-quinta-dvorak-streaming\/"},"modified":"2024-06-21T18:50:06","modified_gmt":"2024-06-21T16:50:06","slug":"prova-quinta-dvorak-streaming","status":"publish","type":"product","link":"https:\/\/www.riccardomutimusic.com\/en\/prodotto\/prova-quinta-dvorak-streaming\/","title":{"rendered":"Anton\u00edn Dvo\u0159\u00e1k &#8211; Fifth Symphony &#8211; Orchestra rehearsal (sub: EN-FR-DE)"},"content":{"rendered":"<p><span style=\"color: #000000;\"><strong>SYMPHONY No. 5<\/strong><\/span><\/p>\n<p><span style=\"color: #000000;\"><strong>Running time<\/strong>: <span style=\"font-size: 14.4px;\">1 hour and 9 minutes<br \/>\n<\/span><\/span><span style=\"color: #000000;\"><strong>Language<\/strong>: Italian<br \/>\n<\/span><span style=\"color: #000000;\"><strong>Subtitles<\/strong>: English, French, German<\/span><\/p>\n<p><span style=\"color: #000000;\">Symphony No. 5 in F major op. 76 by Antonin Dvo\u0159\u00e1k, composed in the summer of 1875, is considered a pastorale, so as the following Symphony No. 6 of this bohemian composer. Performed only four years later its composition, on March 25, 1879 in Prague, it is dedicated to conductor Hans von B\u00fclow, great interpreter of Dvo\u0159\u00e1k\u2019s music.<\/span><\/p>\n<p><span style=\"color: #000000;\"><strong>Riccardo Muti<\/strong>\u00a0Conductor<\/span><br \/>\n<span style=\"color: #000000;\"><strong>Orchestra Giovanile Luigi Cherubini<\/strong><\/span><\/p>\n<p><span style=\"color: #000000;\">\u00a9 RMMUSIC Srl<\/span><\/p>\n","protected":false},"excerpt":{"rendered":"<p>SYMPHONY No. 5 Running time: 1 hour and 9 minutes Language: Italian Subtitles: English, French, German Symphony No. 5 in F major op. 76 by Antonin Dvo\u0159\u00e1k, composed in the summer of 1875, is considered a pastorale, so as the following Symphony No. 6 of this bohemian composer. Performed only four years later its composition, [&#8230;]\n","protected":false},"featured_media":13965,"template":"","meta":{"_acf_changed":false},"product_brand":[],"product_cat":[129,126],"product_tag":[],"class_list":{"0":"post-14172","1":"product","2":"type-product","3":"status-publish","4":"has-post-thumbnail","6":"product_cat-rehearsals","7":"product_cat-streaming-en","9":"first","10":"instock","11":"virtual","12":"sold-individually","13":"taxable","14":"purchasable","15":"product-type-simple"},"acf":[],"yoast_head":"<!-- This site is optimized with the Yoast SEO plugin v26.9 - https:\/\/yoast.com\/product\/yoast-seo-wordpress\/ -->\n<title>Anton\u00edn Dvo\u0159\u00e1k - Fifth Symphony - Orchestra rehearsal (sub: EN-FR-DE) - Riccardo Muti Music<\/title>\n<meta name=\"robots\" content=\"index, follow, max-snippet:-1, max-image-preview:large, max-video-preview:-1\" \/>\n<link rel=\"canonical\" href=\"https:\/\/www.riccardomutimusic.com\/en\/prodotto\/prova-quinta-dvorak-streaming\/\" \/>\n<meta property=\"og:locale\" content=\"en_US\" \/>\n<meta property=\"og:type\" content=\"article\" \/>\n<meta property=\"og:title\" content=\"Anton\u00edn Dvo\u0159\u00e1k - Fifth Symphony - Orchestra rehearsal (sub: EN-FR-DE) - Riccardo Muti Music\" \/>\n<meta property=\"og:description\" content=\"SYMPHONY No. 5 Running time: 1 hour and 9 minutes Language: Italian Subtitles: English, French, German Symphony No. 5 in F major op. 76 by Antonin Dvo\u0159\u00e1k, composed in the summer of 1875, is considered a pastorale, so as the following Symphony No. 6 of this bohemian composer. Performed only four years later its composition, [...]\" \/>\n<meta property=\"og:url\" content=\"https:\/\/www.riccardomutimusic.com\/en\/prodotto\/prova-quinta-dvorak-streaming\/\" \/>\n<meta property=\"og:site_name\" content=\"Riccardo Muti Music\" \/>\n<meta property=\"article:publisher\" content=\"https:\/\/www.facebook.com\/RiccardoMutiOfficial\/\" \/>\n<meta property=\"article:modified_time\" content=\"2024-06-21T16:50:06+00:00\" \/>\n<meta property=\"og:image\" content=\"https:\/\/www.riccardomutimusic.com\/wp-content\/uploads\/Schermata-2020-04-06-alle-18.18.29.png\" \/>\n\t<meta property=\"og:image:width\" content=\"1387\" \/>\n\t<meta property=\"og:image:height\" content=\"799\" \/>\n\t<meta property=\"og:image:type\" content=\"image\/png\" \/>\n<meta name=\"twitter:card\" content=\"summary_large_image\" \/>\n<meta name=\"twitter:label1\" content=\"Est. reading time\" \/>\n\t<meta name=\"twitter:data1\" content=\"1 minute\" \/>\n<script type=\"application\/ld+json\" class=\"yoast-schema-graph\">{\"@context\":\"https:\/\/schema.org\",\"@graph\":[{\"@type\":\"WebPage\",\"@id\":\"https:\/\/www.riccardomutimusic.com\/en\/prodotto\/prova-quinta-dvorak-streaming\/\",\"url\":\"https:\/\/www.riccardomutimusic.com\/en\/prodotto\/prova-quinta-dvorak-streaming\/\",\"name\":\"Anton\u00edn Dvo\u0159\u00e1k - Fifth Symphony - Orchestra rehearsal (sub: EN-FR-DE) - Riccardo Muti Music\",\"isPartOf\":{\"@id\":\"https:\/\/www.riccardomutimusic.com\/#website\"},\"primaryImageOfPage\":{\"@id\":\"https:\/\/www.riccardomutimusic.com\/en\/prodotto\/prova-quinta-dvorak-streaming\/#primaryimage\"},\"image\":{\"@id\":\"https:\/\/www.riccardomutimusic.com\/en\/prodotto\/prova-quinta-dvorak-streaming\/#primaryimage\"},\"thumbnailUrl\":\"https:\/\/www.riccardomutimusic.com\/wp-content\/uploads\/Schermata-2020-04-06-alle-18.18.29.png\",\"datePublished\":\"2020-04-21T14:45:26+00:00\",\"dateModified\":\"2024-06-21T16:50:06+00:00\",\"breadcrumb\":{\"@id\":\"https:\/\/www.riccardomutimusic.com\/en\/prodotto\/prova-quinta-dvorak-streaming\/#breadcrumb\"},\"inLanguage\":\"en-US\",\"potentialAction\":[{\"@type\":\"ReadAction\",\"target\":[\"https:\/\/www.riccardomutimusic.com\/en\/prodotto\/prova-quinta-dvorak-streaming\/\"]}]},{\"@type\":\"ImageObject\",\"inLanguage\":\"en-US\",\"@id\":\"https:\/\/www.riccardomutimusic.com\/en\/prodotto\/prova-quinta-dvorak-streaming\/#primaryimage\",\"url\":\"https:\/\/www.riccardomutimusic.com\/wp-content\/uploads\/Schermata-2020-04-06-alle-18.18.29.png\",\"contentUrl\":\"https:\/\/www.riccardomutimusic.com\/wp-content\/uploads\/Schermata-2020-04-06-alle-18.18.29.png\",\"width\":1387,\"height\":799},{\"@type\":\"BreadcrumbList\",\"@id\":\"https:\/\/www.riccardomutimusic.com\/en\/prodotto\/prova-quinta-dvorak-streaming\/#breadcrumb\",\"itemListElement\":[{\"@type\":\"ListItem\",\"position\":1,\"name\":\"Home\",\"item\":\"https:\/\/www.riccardomutimusic.com\/en\/\"},{\"@type\":\"ListItem\",\"position\":2,\"name\":\"Shop\",\"item\":\"https:\/\/www.riccardomutimusic.com\/en\/shop\/\"},{\"@type\":\"ListItem\",\"position\":3,\"name\":\"Anton\u00edn Dvo\u0159\u00e1k &#8211; Fifth Symphony &#8211; Orchestra rehearsal (sub: EN-FR-DE)\"}]},{\"@type\":\"WebSite\",\"@id\":\"https:\/\/www.riccardomutimusic.com\/#website\",\"url\":\"https:\/\/www.riccardomutimusic.com\/\",\"name\":\"Riccardo Muti Music\",\"description\":\"RMMUSIC STORE\",\"publisher\":{\"@id\":\"https:\/\/www.riccardomutimusic.com\/#organization\"},\"potentialAction\":[{\"@type\":\"SearchAction\",\"target\":{\"@type\":\"EntryPoint\",\"urlTemplate\":\"https:\/\/www.riccardomutimusic.com\/?s={search_term_string}\"},\"query-input\":{\"@type\":\"PropertyValueSpecification\",\"valueRequired\":true,\"valueName\":\"search_term_string\"}}],\"inLanguage\":\"en-US\"},{\"@type\":\"Organization\",\"@id\":\"https:\/\/www.riccardomutimusic.com\/#organization\",\"name\":\"RM Music Srl\",\"url\":\"https:\/\/www.riccardomutimusic.com\/\",\"logo\":{\"@type\":\"ImageObject\",\"inLanguage\":\"en-US\",\"@id\":\"https:\/\/www.riccardomutimusic.com\/#\/schema\/logo\/image\/\",\"url\":\"https:\/\/www.riccardomutimusic.com\/wp-content\/uploads\/logo_rmm_riccardomuti_store.png\",\"contentUrl\":\"https:\/\/www.riccardomutimusic.com\/wp-content\/uploads\/logo_rmm_riccardomuti_store.png\",\"width\":121,\"height\":65,\"caption\":\"RM Music Srl\"},\"image\":{\"@id\":\"https:\/\/www.riccardomutimusic.com\/#\/schema\/logo\/image\/\"},\"sameAs\":[\"https:\/\/www.facebook.com\/RiccardoMutiOfficial\/\",\"https:\/\/www.youtube.com\/user\/riccardomutichannel\"]}]}<\/script>\n<!-- \/ Yoast SEO plugin. -->","yoast_head_json":{"title":"Anton\u00edn Dvo\u0159\u00e1k - Fifth Symphony - Orchestra rehearsal (sub: EN-FR-DE) - Riccardo Muti Music","robots":{"index":"index","follow":"follow","max-snippet":"max-snippet:-1","max-image-preview":"max-image-preview:large","max-video-preview":"max-video-preview:-1"},"canonical":"https:\/\/www.riccardomutimusic.com\/en\/prodotto\/prova-quinta-dvorak-streaming\/","og_locale":"en_US","og_type":"article","og_title":"Anton\u00edn Dvo\u0159\u00e1k - Fifth Symphony - Orchestra rehearsal (sub: EN-FR-DE) - Riccardo Muti Music","og_description":"SYMPHONY No. 5 Running time: 1 hour and 9 minutes Language: Italian Subtitles: English, French, German Symphony No. 5 in F major op. 76 by Antonin Dvo\u0159\u00e1k, composed in the summer of 1875, is considered a pastorale, so as the following Symphony No. 6 of this bohemian composer. Performed only four years later its composition, [...]","og_url":"https:\/\/www.riccardomutimusic.com\/en\/prodotto\/prova-quinta-dvorak-streaming\/","og_site_name":"Riccardo Muti Music","article_publisher":"https:\/\/www.facebook.com\/RiccardoMutiOfficial\/","article_modified_time":"2024-06-21T16:50:06+00:00","og_image":[{"width":1387,"height":799,"url":"https:\/\/www.riccardomutimusic.com\/wp-content\/uploads\/Schermata-2020-04-06-alle-18.18.29.png","type":"image\/png"}],"twitter_card":"summary_large_image","twitter_misc":{"Est. reading time":"1 minute"},"schema":{"@context":"https:\/\/schema.org","@graph":[{"@type":"WebPage","@id":"https:\/\/www.riccardomutimusic.com\/en\/prodotto\/prova-quinta-dvorak-streaming\/","url":"https:\/\/www.riccardomutimusic.com\/en\/prodotto\/prova-quinta-dvorak-streaming\/","name":"Anton\u00edn Dvo\u0159\u00e1k - Fifth Symphony - Orchestra rehearsal (sub: EN-FR-DE) - Riccardo Muti Music","isPartOf":{"@id":"https:\/\/www.riccardomutimusic.com\/#website"},"primaryImageOfPage":{"@id":"https:\/\/www.riccardomutimusic.com\/en\/prodotto\/prova-quinta-dvorak-streaming\/#primaryimage"},"image":{"@id":"https:\/\/www.riccardomutimusic.com\/en\/prodotto\/prova-quinta-dvorak-streaming\/#primaryimage"},"thumbnailUrl":"https:\/\/www.riccardomutimusic.com\/wp-content\/uploads\/Schermata-2020-04-06-alle-18.18.29.png","datePublished":"2020-04-21T14:45:26+00:00","dateModified":"2024-06-21T16:50:06+00:00","breadcrumb":{"@id":"https:\/\/www.riccardomutimusic.com\/en\/prodotto\/prova-quinta-dvorak-streaming\/#breadcrumb"},"inLanguage":"en-US","potentialAction":[{"@type":"ReadAction","target":["https:\/\/www.riccardomutimusic.com\/en\/prodotto\/prova-quinta-dvorak-streaming\/"]}]},{"@type":"ImageObject","inLanguage":"en-US","@id":"https:\/\/www.riccardomutimusic.com\/en\/prodotto\/prova-quinta-dvorak-streaming\/#primaryimage","url":"https:\/\/www.riccardomutimusic.com\/wp-content\/uploads\/Schermata-2020-04-06-alle-18.18.29.png","contentUrl":"https:\/\/www.riccardomutimusic.com\/wp-content\/uploads\/Schermata-2020-04-06-alle-18.18.29.png","width":1387,"height":799},{"@type":"BreadcrumbList","@id":"https:\/\/www.riccardomutimusic.com\/en\/prodotto\/prova-quinta-dvorak-streaming\/#breadcrumb","itemListElement":[{"@type":"ListItem","position":1,"name":"Home","item":"https:\/\/www.riccardomutimusic.com\/en\/"},{"@type":"ListItem","position":2,"name":"Shop","item":"https:\/\/www.riccardomutimusic.com\/en\/shop\/"},{"@type":"ListItem","position":3,"name":"Anton\u00edn Dvo\u0159\u00e1k &#8211; Fifth Symphony &#8211; Orchestra rehearsal (sub: EN-FR-DE)"}]},{"@type":"WebSite","@id":"https:\/\/www.riccardomutimusic.com\/#website","url":"https:\/\/www.riccardomutimusic.com\/","name":"Riccardo Muti Music","description":"RMMUSIC STORE","publisher":{"@id":"https:\/\/www.riccardomutimusic.com\/#organization"},"potentialAction":[{"@type":"SearchAction","target":{"@type":"EntryPoint","urlTemplate":"https:\/\/www.riccardomutimusic.com\/?s={search_term_string}"},"query-input":{"@type":"PropertyValueSpecification","valueRequired":true,"valueName":"search_term_string"}}],"inLanguage":"en-US"},{"@type":"Organization","@id":"https:\/\/www.riccardomutimusic.com\/#organization","name":"RM Music Srl","url":"https:\/\/www.riccardomutimusic.com\/","logo":{"@type":"ImageObject","inLanguage":"en-US","@id":"https:\/\/www.riccardomutimusic.com\/#\/schema\/logo\/image\/","url":"https:\/\/www.riccardomutimusic.com\/wp-content\/uploads\/logo_rmm_riccardomuti_store.png","contentUrl":"https:\/\/www.riccardomutimusic.com\/wp-content\/uploads\/logo_rmm_riccardomuti_store.png","width":121,"height":65,"caption":"RM Music Srl"},"image":{"@id":"https:\/\/www.riccardomutimusic.com\/#\/schema\/logo\/image\/"},"sameAs":["https:\/\/www.facebook.com\/RiccardoMutiOfficial\/","https:\/\/www.youtube.com\/user\/riccardomutichannel"]}]}},"_links":{"self":[{"href":"https:\/\/www.riccardomutimusic.com\/en\/wp-json\/wp\/v2\/product\/14172","targetHints":{"allow":["GET"]}}],"collection":[{"href":"https:\/\/www.riccardomutimusic.com\/en\/wp-json\/wp\/v2\/product"}],"about":[{"href":"https:\/\/www.riccardomutimusic.com\/en\/wp-json\/wp\/v2\/types\/product"}],"wp:featuredmedia":[{"embeddable":true,"href":"https:\/\/www.riccardomutimusic.com\/en\/wp-json\/wp\/v2\/media\/13965"}],"wp:attachment":[{"href":"https:\/\/www.riccardomutimusic.com\/en\/wp-json\/wp\/v2\/media?parent=14172"}],"wp:term":[{"taxonomy":"product_brand","embeddable":true,"href":"https:\/\/www.riccardomutimusic.com\/en\/wp-json\/wp\/v2\/product_brand?post=14172"},{"taxonomy":"product_cat","embeddable":true,"href":"https:\/\/www.riccardomutimusic.com\/en\/wp-json\/wp\/v2\/product_cat?post=14172"},{"taxonomy":"product_tag","embeddable":true,"href":"https:\/\/www.riccardomutimusic.com\/en\/wp-json\/wp\/v2\/product_tag?post=14172"}],"curies":[{"name":"wp","href":"https:\/\/api.w.org\/{rel}","templated":true}]}}