{"id":2542,"date":"2018-09-05T14:30:26","date_gmt":"2018-05-17T16:40:26","guid":{"rendered":"https:\/\/www.riccardomutimusic.com\/prodotto\/prove-concerto-beethoven-operisti-italiani-sottotitoli-en-de-jp\/"},"modified":"2026-02-19T02:48:46","modified_gmt":"2026-02-19T01:48:46","slug":"prove-concerto-beethoven-operisti-italiani-sottotitoli-en-de-jp","status":"publish","type":"product","link":"https:\/\/www.riccardomutimusic.com\/en\/prodotto\/prove-concerto-beethoven-operisti-italiani-sottotitoli-en-de-jp\/","title":{"rendered":"3 DVDs: Rehearsals and Concert: Beethoven, Puccini, Mascagni, Leoncavallo, Catalani, Giordano (sub: IT-EN-DE-JP)"},"content":{"rendered":"<h3 class=\"p1\" style=\"text-align: center;\"><span class=\"s1\">Riccardo Muti leads the listener through classical music:<br \/>\nlet yourself be carried away by the new exciting journey from the rehearsals to the concert.<\/span><\/h3>\n<p class=\"p1\" style=\"text-align: center;\"><span class=\"s1\" style=\"color: #000000; font-size: 120%;\"><b>A five-hour fascinating journey into Classical Music<\/b><\/span><\/p>\n<p class=\"p1\" style=\"text-align: left;\"><span style=\"color: #000000;\"><span class=\"s1\">Witness the creation of these masterpieces as you observe Riccardo Muti\u00a0<\/span><span class=\"s1\">rehearsing Beethoven, Catalani, Mascagni,\u00a0<\/span><span class=\"s1\">Leoncavallo, Puccini and Giordano with Orchestra Giovanile Luigi Cherubini.<\/span><\/span><\/p>\n<p class=\"p1\"><span style=\"color: #000000;\"><span class=\"s1\">You will have the chance to get an inside look at the rehearsal sessions of Maestro Muti\u00a0<\/span><span class=\"s1\">and enjoy the performance of extraordinary\u00a0symphonic milestones.<\/span><\/span><\/p>\n<p class=\"p1\"><span class=\"s1\" style=\"color: #000000;\">HD LIVE RECORDING (July 2017) WITH SUBTITLES IN ITALIAN, ENGLISH, GERMAN AND JAPANESE.<\/span><\/p>\n<p class=\"p1\"><span style=\"color: #000000;\">Hard cover box in Wibalin paper with gold and white foil stamping.<\/span><\/p>\n<p>&nbsp;<\/p>\n<blockquote>\n<p class=\"p1\"><span class=\"s1\">The second part of the program, focused on works of Italian musicians (primarily opera composers), was conceived not to offer something completely different from Beethoven\u2019s <i>Seventh<\/i> which is, of course, different. It was meant to be a demonstration of the compositional skill of Italian musicians who, because they devoted themselves primarily to opera, have had their instrumental and symphonic abilities overlooked. Therefore, this collection of pieces we perform &#8211; Catalani, Puccini, Mascagni\u2026\u00a0<\/span><span class=\"s1\">&#8211; is not just repertoire to liven up the evening, but, rather, to educate the audience with pages taken out of the opera by demonstrating the great compositional excellence of Italian composers, who are usually remembered for: &#8220;Vincer\u00f2, vincer\u00f2, vincer\u00f2&#8230;&#8221;<\/span><\/p>\n<p class=\"p1\" style=\"text-align: right;\"><span class=\"s1\">Riccardo Muti<\/span><\/p>\n<\/blockquote>\n<p>&nbsp;<\/p>\n<p><span style=\"color: #000000;\">CONTENT:<\/span><\/p>\n<p><span style=\"color: #000000;\">Conductor: <strong>Riccardo Muti<\/strong><\/span><br \/>\n<span style=\"color: #000000;\"> Orchestra: <strong>Giovanile Luigi Cherubini<\/strong><\/span><\/p>\n<p><span style=\"color: #000000;\"><strong>DVD 1<\/strong> \u2013 Riccardo Muti rehearses<\/span><br \/>\n<span style=\"color: #000000;\">Seventh Symphony, Ludwig van Beethoven<\/span><br \/>\n<span style=\"color: #000000;\">Total Running Time: 1h 36&#8242;<\/span><\/p>\n<p><span style=\"color: #000000;\"><strong>DVD 2<\/strong> \u2013 Riccardo Muti rehearses<\/span><br \/>\n<span style=\"color: #000000;\"><span class=\"s1\"><i>Manon Lescaut<\/i>\u00a0&#8211; intermezzo,\u00a0Giacomo Puccini<\/span><span class=\"s1\"><br \/>\n<\/span><span class=\"s1\"><i>Cavalleria Rusticana<\/i> &#8211;\u00a0intermezzo,<\/span><span class=\"s2\">\u00a0<\/span><span class=\"s1\">Pietro Mascagni<br \/>\n<\/span><span class=\"s1\"><i>Pagliacci<\/i> &#8211;\u00a0intermezzo,<\/span><span class=\"s2\">\u00a0<\/span><span class=\"s1\">Ruggero Leoncavallo<br \/>\n<\/span><span class=\"s1\"><i>Contemplazione<\/i> &#8211; Alfredo Catalani<br \/>\n<\/span><span class=\"s1\"><i>Fedora<\/i> &#8211;\u00a0intermezzo,<\/span><span class=\"s2\">\u00a0<\/span><span class=\"s1\">Umberto Giordano<br \/>\n<\/span>Total Running Time: 1h 55&#8242;<\/span><\/p>\n<p><span style=\"color: #000000;\"><span style=\"font-size: 14.4px;\"><strong>DVD 3<\/strong> \u2013 Riccardo Muti conducts<br \/>\n<\/span>Seventh Symphony, Ludwig van Beethoven<\/span><br \/>\n<span style=\"color: #000000;\"><span class=\"s1\"><i>Manon Lescaut<\/i>\u00a0&#8211; intermezzo,\u00a0Giacomo Puccini<\/span><span class=\"s1\"><br \/>\n<\/span><span class=\"s1\"><i>Cavalleria Rusticana<\/i> &#8211;\u00a0intermezzo,<\/span><span class=\"s2\">\u00a0<\/span><span class=\"s1\">Pietro Mascagni<br \/>\n<\/span><span class=\"s1\"><i>Pagliacci<\/i> &#8211;\u00a0intermezzo,<\/span><span class=\"s2\">\u00a0<\/span><span class=\"s1\">Ruggero Leoncavallo<br \/>\n<\/span><span class=\"s1\"><i>Contemplazione<\/i> &#8211; Alfredo Catalani<br \/>\n<\/span><span class=\"s1\"><i>Fedora<\/i> &#8211;\u00a0intermezzo,<\/span><span class=\"s2\">\u00a0<\/span><span class=\"s1\">Umberto Giordano<br \/>\n<\/span>Total Running Time: 1h 15&#8242;<\/span><\/p>\n","protected":false},"excerpt":{"rendered":"<ul>\n<li><span style=\"color: #000000;\">If you purchase this DVD box, you will enjoy the<\/span> <span style=\"color: #000000;\">streaming version for free.<\/span><\/li>\n<\/ul>\n<p><span style=\"font-size: 150%;\"><strong><span style=\"color: #000000;\">HD LIVE\u00a0<\/span><\/strong><\/span><strong><span style=\"color: #000000;\">Five-hour fascinating journey into Classical Music<\/span><\/strong><\/p>\n<p><span style=\"color: #000000;\">Conductor: <strong>Riccardo Muti<\/strong><\/span><br \/>\n<span style=\"color: #000000;\"> Orchestra: <strong>Giovanile Luigi Cherubini<\/strong><\/span><\/p>\n<p><span style=\"color: #000000;\"><strong>DVD 1<\/strong> <a href=\"https:\/\/www.riccardomutimusic.com\/en\/prodotto\/beethoven-settima-sinfonia-prova-dorchestra-sub-en-copia\/\">(also in streaming video)<\/a>\u00a0\u2013 Riccardo Muti rehearses<\/span><br \/>\n<span style=\"color: #000000;\">Seventh Symphony, Ludwig van Beethoven<\/span><br \/>\n<span style=\"color: #000000;\">Total Running Time: 1h 36&#8242;<\/span><\/p>\n<p><span style=\"color: #000000;\"><strong>DVD 2<\/strong> <a href=\"https:\/\/www.riccardomutimusic.com\/en\/prodotto\/puccini-mascagni-leoncavallo-catalani-giordano-prova-dorchestra\/\">(also in streaming video)<\/a>\u00a0\u2013 Riccardo Muti rehearses<\/span><br \/>\n<span style=\"color: #000000;\"><span class=\"s1\"><i>Manon Lescaut<\/i>\u00a0&#8211; intermezzo,\u00a0Giacomo Puccini<\/span><span class=\"s1\"><br \/>\n<\/span><span class=\"s1\"><i>Cavalleria Rusticana<\/i> &#8211;\u00a0intermezzo,<\/span><span class=\"s2\">\u00a0<\/span><span class=\"s1\">Pietro Mascagni<br \/>\n<\/span><span class=\"s1\"><i>Pagliacci<\/i> &#8211;\u00a0intermezzo,<\/span><span class=\"s2\">\u00a0<\/span><span class=\"s1\">Ruggero Leoncavallo<br \/>\n<\/span><span class=\"s1\"><i>Contemplazione<\/i> &#8211; Alfredo Catalani<br \/>\n<\/span><span class=\"s1\"><i>Fedora<\/i> &#8211;\u00a0intermezzo,<\/span><span class=\"s2\">\u00a0<\/span><span class=\"s1\">Umberto Giordano<br \/>\n<\/span>Total Running Time: 1h 55&#8242;<\/span><\/p>\n<p><span style=\"color: #000000;\"><strong>DVD 3<\/strong> <a href=\"https:\/\/www.riccardomutimusic.com\/en\/prodotto\/beethoven-e-compositori-italiani-concerto-sub-it-en-de-jp\/\">(also in streaming video)<\/a>\u00a0\u2013 Riccardo Muti conducts<br \/>\nSeventh Symphony, Ludwig van Beethoven<\/span><br \/>\n<span style=\"color: #000000;\"><span class=\"s1\"><i>Manon Lescaut<\/i>\u00a0&#8211; intermezzo,\u00a0Giacomo Puccini<\/span><span class=\"s1\"><br \/>\n<\/span><span class=\"s1\"><i>Cavalleria Rusticana<\/i> &#8211;\u00a0intermezzo,<\/span><span class=\"s2\">\u00a0<\/span><span class=\"s1\">Pietro Mascagni<br \/>\n<\/span><span class=\"s1\"><i>Pagliacci<\/i> &#8211;\u00a0intermezzo,<\/span><span class=\"s2\">\u00a0<\/span><span class=\"s1\">Ruggero Leoncavallo<br \/>\n<\/span><span class=\"s1\"><i>Contemplazione<\/i> &#8211; Alfredo Catalani<br \/>\n<\/span><span class=\"s1\"><i>Fedora<\/i> &#8211;\u00a0intermezzo,<\/span><span class=\"s2\">\u00a0<\/span><span class=\"s1\">Umberto Giordano<br \/>\n<\/span>Total Running Time: 1h 15&#8242;<\/span><\/p>\n<p><span style=\"color: #000000;\"><strong> Total Running Time: 4 hours 48 minutes<\/strong><br \/>\n<span style=\"text-decoration: underline;\">WITH SUBTITLES<\/span>: in Italian, English, German and Japanese<br \/>\nVideo Formats: PAL and NTSC<br \/>\nRecording: HD Live &#8211; July 2017<br \/>\nAudio: PCM Stereo<br \/>\n3 Booklets with photos: 16 pages\/English<\/span><\/p>\n<div class=\"product-rmm-message\"><span class=\"messaggio\">By purchasing this DVD Box, you will be able to access the same video content in HD in the Riccardo Muti Digital Theatre for free.<\/span><\/div>\n","protected":false},"featured_media":3210,"template":"","meta":{"_acf_changed":false},"product_brand":[],"product_cat":[29],"product_tag":[],"class_list":{"0":"post-2542","1":"product","2":"type-product","3":"status-publish","4":"has-post-thumbnail","6":"product_cat-dvd-en","8":"first","9":"instock","10":"featured","11":"taxable","12":"shipping-taxable","13":"purchasable","14":"product-type-simple"},"acf":[],"yoast_head":"<!-- This site is optimized with the Yoast SEO plugin v26.9 - https:\/\/yoast.com\/product\/yoast-seo-wordpress\/ -->\n<title>3 DVDs: Rehearsals and Concert: Beethoven, Puccini, Mascagni, Leoncavallo, Catalani, Giordano (sub: IT-EN-DE-JP) - Riccardo Muti Music<\/title>\n<meta name=\"robots\" content=\"index, follow, max-snippet:-1, max-image-preview:large, max-video-preview:-1\" \/>\n<link rel=\"canonical\" href=\"https:\/\/www.riccardomutimusic.com\/en\/prodotto\/prove-concerto-beethoven-operisti-italiani-sottotitoli-en-de-jp\/\" \/>\n<meta property=\"og:locale\" content=\"en_US\" \/>\n<meta property=\"og:type\" content=\"article\" \/>\n<meta property=\"og:title\" content=\"3 DVDs: Rehearsals and Concert: Beethoven, Puccini, Mascagni, Leoncavallo, Catalani, Giordano (sub: IT-EN-DE-JP) - Riccardo Muti Music\" \/>\n<meta property=\"og:description\" content=\"If you purchase this DVD box, you will enjoy the streaming version for free.  HD LIVE\u00a0Five-hour fascinating journey into Classical Music  Conductor: Riccardo Muti  Orchestra: Giovanile Luigi Cherubini  DVD 1 (also in streaming video)\u00a0\u2013 Riccardo Muti rehearses Seventh Symphony, Ludwig van Beethoven Total Running Time: 1h 36&#039;  DVD 2 (also in streaming video)\u00a0\u2013 Riccardo Muti rehearses Manon Lescaut\u00a0- intermezzo,\u00a0Giacomo Puccini Cavalleria Rusticana -\u00a0intermezzo,\u00a0Pietro Mascagni Pagliacci -\u00a0intermezzo,\u00a0Ruggero Leoncavallo Contemplazione - Alfredo Catalani Fedora -\u00a0intermezzo,\u00a0Umberto Giordano Total Running Time: 1h 55&#039;  DVD 3 (also in streaming video)\u00a0\u2013 Riccardo Muti conducts Seventh Symphony, Ludwig van Beethoven Manon Lescaut\u00a0- intermezzo,\u00a0Giacomo Puccini Cavalleria Rusticana -\u00a0intermezzo,\u00a0Pietro Mascagni Pagliacci -\u00a0intermezzo,\u00a0Ruggero Leoncavallo Contemplazione - Alfredo Catalani Fedora -\u00a0intermezzo,\u00a0Umberto Giordano Total Running Time: 1h 15&#039;   Total Running Time: 4 hours 48 minutes WITH SUBTITLES: in Italian, English, German and Japanese Video Formats: PAL and NTSC Recording: HD Live - July 2017 Audio: PCM Stereo 3 Booklets with photos: 16 pages\/English\" \/>\n<meta property=\"og:url\" content=\"https:\/\/www.riccardomutimusic.com\/en\/prodotto\/prove-concerto-beethoven-operisti-italiani-sottotitoli-en-de-jp\/\" \/>\n<meta property=\"og:site_name\" content=\"Riccardo Muti Music\" \/>\n<meta property=\"article:publisher\" content=\"https:\/\/www.facebook.com\/RiccardoMutiOfficial\/\" \/>\n<meta property=\"article:modified_time\" content=\"2026-02-19T01:48:46+00:00\" \/>\n<meta property=\"og:image\" content=\"https:\/\/www.riccardomutimusic.com\/wp-content\/uploads\/RM-cofanetto-oro-scaled.jpg\" \/>\n\t<meta property=\"og:image:width\" content=\"2560\" \/>\n\t<meta property=\"og:image:height\" content=\"1789\" \/>\n\t<meta property=\"og:image:type\" content=\"image\/jpeg\" \/>\n<meta name=\"twitter:card\" content=\"summary_large_image\" \/>\n<meta name=\"twitter:label1\" content=\"Est. reading time\" \/>\n\t<meta name=\"twitter:data1\" content=\"2 minutes\" \/>\n<script type=\"application\/ld+json\" class=\"yoast-schema-graph\">{\"@context\":\"https:\/\/schema.org\",\"@graph\":[{\"@type\":\"WebPage\",\"@id\":\"https:\/\/www.riccardomutimusic.com\/en\/prodotto\/prove-concerto-beethoven-operisti-italiani-sottotitoli-en-de-jp\/\",\"url\":\"https:\/\/www.riccardomutimusic.com\/en\/prodotto\/prove-concerto-beethoven-operisti-italiani-sottotitoli-en-de-jp\/\",\"name\":\"3 DVDs: Rehearsals and Concert: Beethoven, Puccini, Mascagni, Leoncavallo, Catalani, Giordano (sub: IT-EN-DE-JP) - Riccardo Muti Music\",\"isPartOf\":{\"@id\":\"https:\/\/www.riccardomutimusic.com\/#website\"},\"primaryImageOfPage\":{\"@id\":\"https:\/\/www.riccardomutimusic.com\/en\/prodotto\/prove-concerto-beethoven-operisti-italiani-sottotitoli-en-de-jp\/#primaryimage\"},\"image\":{\"@id\":\"https:\/\/www.riccardomutimusic.com\/en\/prodotto\/prove-concerto-beethoven-operisti-italiani-sottotitoli-en-de-jp\/#primaryimage\"},\"thumbnailUrl\":\"https:\/\/www.riccardomutimusic.com\/wp-content\/uploads\/RM-cofanetto-oro-scaled.jpg\",\"datePublished\":\"2018-05-17T16:40:26+00:00\",\"dateModified\":\"2026-02-19T01:48:46+00:00\",\"breadcrumb\":{\"@id\":\"https:\/\/www.riccardomutimusic.com\/en\/prodotto\/prove-concerto-beethoven-operisti-italiani-sottotitoli-en-de-jp\/#breadcrumb\"},\"inLanguage\":\"en-US\",\"potentialAction\":[{\"@type\":\"ReadAction\",\"target\":[\"https:\/\/www.riccardomutimusic.com\/en\/prodotto\/prove-concerto-beethoven-operisti-italiani-sottotitoli-en-de-jp\/\"]}]},{\"@type\":\"ImageObject\",\"inLanguage\":\"en-US\",\"@id\":\"https:\/\/www.riccardomutimusic.com\/en\/prodotto\/prove-concerto-beethoven-operisti-italiani-sottotitoli-en-de-jp\/#primaryimage\",\"url\":\"https:\/\/www.riccardomutimusic.com\/wp-content\/uploads\/RM-cofanetto-oro-scaled.jpg\",\"contentUrl\":\"https:\/\/www.riccardomutimusic.com\/wp-content\/uploads\/RM-cofanetto-oro-scaled.jpg\",\"width\":2560,\"height\":1789},{\"@type\":\"BreadcrumbList\",\"@id\":\"https:\/\/www.riccardomutimusic.com\/en\/prodotto\/prove-concerto-beethoven-operisti-italiani-sottotitoli-en-de-jp\/#breadcrumb\",\"itemListElement\":[{\"@type\":\"ListItem\",\"position\":1,\"name\":\"Home\",\"item\":\"https:\/\/www.riccardomutimusic.com\/en\/\"},{\"@type\":\"ListItem\",\"position\":2,\"name\":\"Shop\",\"item\":\"https:\/\/www.riccardomutimusic.com\/en\/shop\/\"},{\"@type\":\"ListItem\",\"position\":3,\"name\":\"3 DVDs: Rehearsals and Concert: Beethoven, Puccini, Mascagni, Leoncavallo, Catalani, Giordano (sub: IT-EN-DE-JP)\"}]},{\"@type\":\"WebSite\",\"@id\":\"https:\/\/www.riccardomutimusic.com\/#website\",\"url\":\"https:\/\/www.riccardomutimusic.com\/\",\"name\":\"Riccardo Muti Music\",\"description\":\"RMMUSIC STORE\",\"publisher\":{\"@id\":\"https:\/\/www.riccardomutimusic.com\/#organization\"},\"potentialAction\":[{\"@type\":\"SearchAction\",\"target\":{\"@type\":\"EntryPoint\",\"urlTemplate\":\"https:\/\/www.riccardomutimusic.com\/?s={search_term_string}\"},\"query-input\":{\"@type\":\"PropertyValueSpecification\",\"valueRequired\":true,\"valueName\":\"search_term_string\"}}],\"inLanguage\":\"en-US\"},{\"@type\":\"Organization\",\"@id\":\"https:\/\/www.riccardomutimusic.com\/#organization\",\"name\":\"RM Music Srl\",\"url\":\"https:\/\/www.riccardomutimusic.com\/\",\"logo\":{\"@type\":\"ImageObject\",\"inLanguage\":\"en-US\",\"@id\":\"https:\/\/www.riccardomutimusic.com\/#\/schema\/logo\/image\/\",\"url\":\"https:\/\/www.riccardomutimusic.com\/wp-content\/uploads\/logo_rmm_riccardomuti_store.png\",\"contentUrl\":\"https:\/\/www.riccardomutimusic.com\/wp-content\/uploads\/logo_rmm_riccardomuti_store.png\",\"width\":121,\"height\":65,\"caption\":\"RM Music Srl\"},\"image\":{\"@id\":\"https:\/\/www.riccardomutimusic.com\/#\/schema\/logo\/image\/\"},\"sameAs\":[\"https:\/\/www.facebook.com\/RiccardoMutiOfficial\/\",\"https:\/\/www.youtube.com\/user\/riccardomutichannel\"]}]}<\/script>\n<!-- \/ Yoast SEO plugin. -->","yoast_head_json":{"title":"3 DVDs: Rehearsals and Concert: Beethoven, Puccini, Mascagni, Leoncavallo, Catalani, Giordano (sub: IT-EN-DE-JP) - Riccardo Muti Music","robots":{"index":"index","follow":"follow","max-snippet":"max-snippet:-1","max-image-preview":"max-image-preview:large","max-video-preview":"max-video-preview:-1"},"canonical":"https:\/\/www.riccardomutimusic.com\/en\/prodotto\/prove-concerto-beethoven-operisti-italiani-sottotitoli-en-de-jp\/","og_locale":"en_US","og_type":"article","og_title":"3 DVDs: Rehearsals and Concert: Beethoven, Puccini, Mascagni, Leoncavallo, Catalani, Giordano (sub: IT-EN-DE-JP) - Riccardo Muti Music","og_description":"If you purchase this DVD box, you will enjoy the streaming version for free.  HD LIVE\u00a0Five-hour fascinating journey into Classical Music  Conductor: Riccardo Muti  Orchestra: Giovanile Luigi Cherubini  DVD 1 (also in streaming video)\u00a0\u2013 Riccardo Muti rehearses Seventh Symphony, Ludwig van Beethoven Total Running Time: 1h 36'  DVD 2 (also in streaming video)\u00a0\u2013 Riccardo Muti rehearses Manon Lescaut\u00a0- intermezzo,\u00a0Giacomo Puccini Cavalleria Rusticana -\u00a0intermezzo,\u00a0Pietro Mascagni Pagliacci -\u00a0intermezzo,\u00a0Ruggero Leoncavallo Contemplazione - Alfredo Catalani Fedora -\u00a0intermezzo,\u00a0Umberto Giordano Total Running Time: 1h 55'  DVD 3 (also in streaming video)\u00a0\u2013 Riccardo Muti conducts Seventh Symphony, Ludwig van Beethoven Manon Lescaut\u00a0- intermezzo,\u00a0Giacomo Puccini Cavalleria Rusticana -\u00a0intermezzo,\u00a0Pietro Mascagni Pagliacci -\u00a0intermezzo,\u00a0Ruggero Leoncavallo Contemplazione - Alfredo Catalani Fedora -\u00a0intermezzo,\u00a0Umberto Giordano Total Running Time: 1h 15'   Total Running Time: 4 hours 48 minutes WITH SUBTITLES: in Italian, English, German and Japanese Video Formats: PAL and NTSC Recording: HD Live - July 2017 Audio: PCM Stereo 3 Booklets with photos: 16 pages\/English","og_url":"https:\/\/www.riccardomutimusic.com\/en\/prodotto\/prove-concerto-beethoven-operisti-italiani-sottotitoli-en-de-jp\/","og_site_name":"Riccardo Muti Music","article_publisher":"https:\/\/www.facebook.com\/RiccardoMutiOfficial\/","article_modified_time":"2026-02-19T01:48:46+00:00","og_image":[{"width":2560,"height":1789,"url":"https:\/\/www.riccardomutimusic.com\/wp-content\/uploads\/RM-cofanetto-oro-scaled.jpg","type":"image\/jpeg"}],"twitter_card":"summary_large_image","twitter_misc":{"Est. reading time":"2 minutes"},"schema":{"@context":"https:\/\/schema.org","@graph":[{"@type":"WebPage","@id":"https:\/\/www.riccardomutimusic.com\/en\/prodotto\/prove-concerto-beethoven-operisti-italiani-sottotitoli-en-de-jp\/","url":"https:\/\/www.riccardomutimusic.com\/en\/prodotto\/prove-concerto-beethoven-operisti-italiani-sottotitoli-en-de-jp\/","name":"3 DVDs: Rehearsals and Concert: Beethoven, Puccini, Mascagni, Leoncavallo, Catalani, Giordano (sub: IT-EN-DE-JP) - Riccardo Muti Music","isPartOf":{"@id":"https:\/\/www.riccardomutimusic.com\/#website"},"primaryImageOfPage":{"@id":"https:\/\/www.riccardomutimusic.com\/en\/prodotto\/prove-concerto-beethoven-operisti-italiani-sottotitoli-en-de-jp\/#primaryimage"},"image":{"@id":"https:\/\/www.riccardomutimusic.com\/en\/prodotto\/prove-concerto-beethoven-operisti-italiani-sottotitoli-en-de-jp\/#primaryimage"},"thumbnailUrl":"https:\/\/www.riccardomutimusic.com\/wp-content\/uploads\/RM-cofanetto-oro-scaled.jpg","datePublished":"2018-05-17T16:40:26+00:00","dateModified":"2026-02-19T01:48:46+00:00","breadcrumb":{"@id":"https:\/\/www.riccardomutimusic.com\/en\/prodotto\/prove-concerto-beethoven-operisti-italiani-sottotitoli-en-de-jp\/#breadcrumb"},"inLanguage":"en-US","potentialAction":[{"@type":"ReadAction","target":["https:\/\/www.riccardomutimusic.com\/en\/prodotto\/prove-concerto-beethoven-operisti-italiani-sottotitoli-en-de-jp\/"]}]},{"@type":"ImageObject","inLanguage":"en-US","@id":"https:\/\/www.riccardomutimusic.com\/en\/prodotto\/prove-concerto-beethoven-operisti-italiani-sottotitoli-en-de-jp\/#primaryimage","url":"https:\/\/www.riccardomutimusic.com\/wp-content\/uploads\/RM-cofanetto-oro-scaled.jpg","contentUrl":"https:\/\/www.riccardomutimusic.com\/wp-content\/uploads\/RM-cofanetto-oro-scaled.jpg","width":2560,"height":1789},{"@type":"BreadcrumbList","@id":"https:\/\/www.riccardomutimusic.com\/en\/prodotto\/prove-concerto-beethoven-operisti-italiani-sottotitoli-en-de-jp\/#breadcrumb","itemListElement":[{"@type":"ListItem","position":1,"name":"Home","item":"https:\/\/www.riccardomutimusic.com\/en\/"},{"@type":"ListItem","position":2,"name":"Shop","item":"https:\/\/www.riccardomutimusic.com\/en\/shop\/"},{"@type":"ListItem","position":3,"name":"3 DVDs: Rehearsals and Concert: Beethoven, Puccini, Mascagni, Leoncavallo, Catalani, Giordano (sub: IT-EN-DE-JP)"}]},{"@type":"WebSite","@id":"https:\/\/www.riccardomutimusic.com\/#website","url":"https:\/\/www.riccardomutimusic.com\/","name":"Riccardo Muti Music","description":"RMMUSIC STORE","publisher":{"@id":"https:\/\/www.riccardomutimusic.com\/#organization"},"potentialAction":[{"@type":"SearchAction","target":{"@type":"EntryPoint","urlTemplate":"https:\/\/www.riccardomutimusic.com\/?s={search_term_string}"},"query-input":{"@type":"PropertyValueSpecification","valueRequired":true,"valueName":"search_term_string"}}],"inLanguage":"en-US"},{"@type":"Organization","@id":"https:\/\/www.riccardomutimusic.com\/#organization","name":"RM Music Srl","url":"https:\/\/www.riccardomutimusic.com\/","logo":{"@type":"ImageObject","inLanguage":"en-US","@id":"https:\/\/www.riccardomutimusic.com\/#\/schema\/logo\/image\/","url":"https:\/\/www.riccardomutimusic.com\/wp-content\/uploads\/logo_rmm_riccardomuti_store.png","contentUrl":"https:\/\/www.riccardomutimusic.com\/wp-content\/uploads\/logo_rmm_riccardomuti_store.png","width":121,"height":65,"caption":"RM Music Srl"},"image":{"@id":"https:\/\/www.riccardomutimusic.com\/#\/schema\/logo\/image\/"},"sameAs":["https:\/\/www.facebook.com\/RiccardoMutiOfficial\/","https:\/\/www.youtube.com\/user\/riccardomutichannel"]}]}},"_links":{"self":[{"href":"https:\/\/www.riccardomutimusic.com\/en\/wp-json\/wp\/v2\/product\/2542","targetHints":{"allow":["GET"]}}],"collection":[{"href":"https:\/\/www.riccardomutimusic.com\/en\/wp-json\/wp\/v2\/product"}],"about":[{"href":"https:\/\/www.riccardomutimusic.com\/en\/wp-json\/wp\/v2\/types\/product"}],"wp:featuredmedia":[{"embeddable":true,"href":"https:\/\/www.riccardomutimusic.com\/en\/wp-json\/wp\/v2\/media\/3210"}],"wp:attachment":[{"href":"https:\/\/www.riccardomutimusic.com\/en\/wp-json\/wp\/v2\/media?parent=2542"}],"wp:term":[{"taxonomy":"product_brand","embeddable":true,"href":"https:\/\/www.riccardomutimusic.com\/en\/wp-json\/wp\/v2\/product_brand?post=2542"},{"taxonomy":"product_cat","embeddable":true,"href":"https:\/\/www.riccardomutimusic.com\/en\/wp-json\/wp\/v2\/product_cat?post=2542"},{"taxonomy":"product_tag","embeddable":true,"href":"https:\/\/www.riccardomutimusic.com\/en\/wp-json\/wp\/v2\/product_tag?post=2542"}],"curies":[{"name":"wp","href":"https:\/\/api.w.org\/{rel}","templated":true}]}}